{"id":255,"date":"2017-08-03T14:44:09","date_gmt":"2017-08-03T14:44:09","guid":{"rendered":"http:\/\/sup.bpj.mybluehost.me\/.website_57dd659a\/?page_id=255"},"modified":"2024-01-15T14:16:05","modified_gmt":"2024-01-15T14:16:05","slug":"our-services","status":"publish","type":"page","link":"https:\/\/go360uk.com\/fr\/our-services\/","title":{"rendered":"Nos services"},"content":{"rendered":"<div class=\"vc_row wpb_row vc_row-fluid\"><div class=\"wpb_column vc_column_container vc_col-sm-12 sc_layouts_column_icons_position_left\"><div class=\"vc_column-inner\"><div class=\"wpb_wrapper\"><div id=\"sc_services_471982635\" class=\"sc_services color_style_default sc_services_light sc_services_featured_top  vc_custom_1705328261976\"><h3 class=\"sc_item_title sc_services_title sc_align_center sc_item_title_style_default\">Ce que nous offrons<\/h3><div class=\"sc_item_descr sc_services_descr sc_align_center\"><p>De nos jours, il est essentiel pour toute entreprise d\u2019avoir une pr\u00e9sence en ligne. De plus en plus de consommateurs utilisent Internet pour rechercher des informations, des produits et des services. Ne pas avoir une pr\u00e9sence en ligne peut entra\u00eener la perte d\u2019opportunit\u00e9s commerciales et de ventes potentielles. Avoir une forte pr\u00e9sence en ligne permet aux entreprises de renforcer leur cr\u00e9dibilit\u00e9 et leur visibilit\u00e9, d'atteindre de nouveaux clients, de communiquer plus efficacement avec le public, de d\u00e9velopper leur marque et de se diff\u00e9rencier de la concurrence. Bref, avoir une pr\u00e9sence en ligne est un investissement essentiel pour toute entreprise souhaitant prosp\u00e9rer dans le monde d\u2019aujourd\u2019hui en constante \u00e9volution.<\/p>\n<\/div><div class=\"sc_services_columns_wrap sc_item_columns sc_item_columns_2 trx_addons_columns_wrap columns_padding_bottom\"><div class=\"trx_addons_column-1_2\"><div class=\"sc_services_item with_content with_image sc_services_item_featured_top\">\n\t<div class=\"post_featured with_thumb hover_icon sc_services_item_thumb\"><img fetchpriority=\"high\" decoding=\"async\" width=\"750\" height=\"400\" src=\"https:\/\/go360uk.com\/wp-content\/uploads\/2017\/08\/image-copyright-8-270x361.jpg-2.png\" class=\"attachment-drone_media-thumb-big size-drone_media-thumb-big wp-post-image\" alt=\"\" srcset=\"https:\/\/go360uk.com\/wp-content\/uploads\/2017\/08\/image-copyright-8-270x361.jpg-2.png 750w, https:\/\/go360uk.com\/wp-content\/uploads\/2017\/08\/image-copyright-8-270x361.jpg-2-300x160.png 300w, https:\/\/go360uk.com\/wp-content\/uploads\/2017\/08\/image-copyright-8-270x361.jpg-2-370x197.png 370w, https:\/\/go360uk.com\/wp-content\/uploads\/2017\/08\/image-copyright-8-270x361.jpg-2-740x395.png 740w, https:\/\/go360uk.com\/wp-content\/uploads\/2017\/08\/image-copyright-8-270x361.jpg-2-600x320.png 600w\" sizes=\"(max-width: 750px) 100vw, 750px\" \/><div class=\"mask\"><\/div><div class=\"icons\"><a href=\"https:\/\/go360uk.com\/fr\/services\/google-360-virtual-tour\/\" aria-hidden=\"true\" class=\"icon-search-alt\"><\/a><\/div><\/div>\t\n\t<div class=\"sc_services_item_info\">\n\t\t<div class=\"sc_services_item_header\">\n\t\t\t\t\t\t<h6 class=\"sc_services_item_title\">\n\t\t\t\n\t\t\tVisite virtuelle Google 360\n        <\/h6>\n\t\t\t<div class=\"sc_services_item_subtitle\"><a href=\"https:\/\/go360uk.com\/fr\/services_group\/what-we-offer\/\" title=\"View all posts in What We Offer\">Ce que nous offrons<\/a><\/div>\t\t<\/div>\n\t\t\t\t\t<div class=\"sc_services_item_content\"><p>Ouvrez les portes de votre entreprise 24h\/24 et 7j\/7, sur Google, Facebook et votre site internet, tout en am\u00e9liorant votre visibilit\u00e9 sur Google.<br \/>\n<b>\u00e0 partir de 499$<\/b><\/p>\n<\/div>\n\t\t\t<div class=\"sc_services_item_button sc_item_button\"><a href=\"\" class=\"sc_button sc_button_simple\">Learn more<\/a><\/div>\n\t\t\t<\/div>\n<\/div>\n<\/div><div class=\"trx_addons_column-1_2\"><div class=\"sc_services_item with_content with_image sc_services_item_featured_top\">\n\t<div class=\"post_featured with_thumb hover_icon sc_services_item_thumb\"><img decoding=\"async\" width=\"750\" height=\"400\" src=\"https:\/\/go360uk.com\/wp-content\/uploads\/2017\/08\/image-copyright-9-270x361.jpg-2.png\" class=\"attachment-drone_media-thumb-big size-drone_media-thumb-big wp-post-image\" alt=\"\" srcset=\"https:\/\/go360uk.com\/wp-content\/uploads\/2017\/08\/image-copyright-9-270x361.jpg-2.png 750w, https:\/\/go360uk.com\/wp-content\/uploads\/2017\/08\/image-copyright-9-270x361.jpg-2-300x160.png 300w, https:\/\/go360uk.com\/wp-content\/uploads\/2017\/08\/image-copyright-9-270x361.jpg-2-370x197.png 370w, https:\/\/go360uk.com\/wp-content\/uploads\/2017\/08\/image-copyright-9-270x361.jpg-2-740x395.png 740w, https:\/\/go360uk.com\/wp-content\/uploads\/2017\/08\/image-copyright-9-270x361.jpg-2-600x320.png 600w\" sizes=\"(max-width: 750px) 100vw, 750px\" \/><div class=\"mask\"><\/div><div class=\"icons\"><a href=\"https:\/\/go360uk.com\/fr\/services\/real-estate\/\" aria-hidden=\"true\" class=\"icon-search-alt\"><\/a><\/div><\/div>\t\n\t<div class=\"sc_services_item_info\">\n\t\t<div class=\"sc_services_item_header\">\n\t\t\t\t\t\t<h6 class=\"sc_services_item_title\">\n\t\t\t\n\t\t\tImmobilier\n        <\/h6>\n\t\t\t<div class=\"sc_services_item_subtitle\"><a href=\"https:\/\/go360uk.com\/fr\/services_group\/what-we-offer\/\" title=\"View all posts in What We Offer\">Ce que nous offrons<\/a><\/div>\t\t<\/div>\n\t\t\t\t\t<div class=\"sc_services_item_content\"><p>Offrez la meilleure exp\u00e9rience \u00e0 vos acheteurs ou locataires potentiels en faisant une visite 3D de votre maison, chalet, appartement ou Airbnb.<br \/>\n<b>\u00e0 partir de 249$<\/b><\/p>\n<\/div>\n\t\t\t<div class=\"sc_services_item_button sc_item_button\"><a href=\"\" class=\"sc_button sc_button_simple\">Learn more<\/a><\/div>\n\t\t\t<\/div>\n<\/div>\n<\/div><div class=\"trx_addons_column-1_2\"><div class=\"sc_services_item with_content with_image sc_services_item_featured_top\">\n\t<div class=\"post_featured with_thumb hover_icon sc_services_item_thumb\"><img decoding=\"async\" width=\"750\" height=\"400\" src=\"https:\/\/go360uk.com\/wp-content\/uploads\/2017\/08\/image-copyright-10-270x361.jpg-2.png\" class=\"attachment-drone_media-thumb-big size-drone_media-thumb-big wp-post-image\" alt=\"\" srcset=\"https:\/\/go360uk.com\/wp-content\/uploads\/2017\/08\/image-copyright-10-270x361.jpg-2.png 750w, https:\/\/go360uk.com\/wp-content\/uploads\/2017\/08\/image-copyright-10-270x361.jpg-2-300x160.png 300w, https:\/\/go360uk.com\/wp-content\/uploads\/2017\/08\/image-copyright-10-270x361.jpg-2-370x197.png 370w, https:\/\/go360uk.com\/wp-content\/uploads\/2017\/08\/image-copyright-10-270x361.jpg-2-740x395.png 740w, https:\/\/go360uk.com\/wp-content\/uploads\/2017\/08\/image-copyright-10-270x361.jpg-2-600x320.png 600w\" sizes=\"(max-width: 750px) 100vw, 750px\" \/><div class=\"mask\"><\/div><div class=\"icons\"><a href=\"https:\/\/go360uk.com\/fr\/services\/gmb-booster\/\" aria-hidden=\"true\" class=\"icon-search-alt\"><\/a><\/div><\/div>\t\n\t<div class=\"sc_services_item_info\">\n\t\t<div class=\"sc_services_item_header\">\n\t\t\t\t\t\t<h6 class=\"sc_services_item_title\">\n\t\t\t\n\t\t\tBooster GMB\n        <\/h6>\n\t\t\t<div class=\"sc_services_item_subtitle\"><a href=\"https:\/\/go360uk.com\/fr\/services_group\/what-we-offer\/\" title=\"View all posts in What We Offer\">Ce que nous offrons<\/a><\/div>\t\t<\/div>\n\t\t\t\t\t<div class=\"sc_services_item_content\"><p> Optimisez votre profil Google Business en moins de 30 jours et gagnez en visibilit\u00e9 rapidement<br \/>\n<b>$749<\/b><\/p>\n<\/div>\n\t\t\t<div class=\"sc_services_item_button sc_item_button\"><a href=\"\" class=\"sc_button sc_button_simple\">Learn more<\/a><\/div>\n\t\t\t<\/div>\n<\/div>\n<\/div><div class=\"trx_addons_column-1_2\"><div class=\"sc_services_item with_content with_image sc_services_item_featured_top\">\n\t<div class=\"post_featured with_thumb hover_icon sc_services_item_thumb\"><img loading=\"lazy\" decoding=\"async\" width=\"750\" height=\"400\" src=\"https:\/\/go360uk.com\/wp-content\/uploads\/2017\/08\/image-copyright-11-270x361.jpg-2.png\" class=\"attachment-drone_media-thumb-big size-drone_media-thumb-big wp-post-image\" alt=\"\" srcset=\"https:\/\/go360uk.com\/wp-content\/uploads\/2017\/08\/image-copyright-11-270x361.jpg-2.png 750w, https:\/\/go360uk.com\/wp-content\/uploads\/2017\/08\/image-copyright-11-270x361.jpg-2-300x160.png 300w, https:\/\/go360uk.com\/wp-content\/uploads\/2017\/08\/image-copyright-11-270x361.jpg-2-370x197.png 370w, https:\/\/go360uk.com\/wp-content\/uploads\/2017\/08\/image-copyright-11-270x361.jpg-2-740x395.png 740w, https:\/\/go360uk.com\/wp-content\/uploads\/2017\/08\/image-copyright-11-270x361.jpg-2-600x320.png 600w\" sizes=\"(max-width: 750px) 100vw, 750px\" \/><div class=\"mask\"><\/div><div class=\"icons\"><a href=\"https:\/\/go360uk.com\/fr\/services\/google-services\/\" aria-hidden=\"true\" class=\"icon-search-alt\"><\/a><\/div><\/div>\t\n\t<div class=\"sc_services_item_info\">\n\t\t<div class=\"sc_services_item_header\">\n\t\t\t\t\t\t<h6 class=\"sc_services_item_title\">\n\t\t\t\n\t\t\tServices Google+\n        <\/h6>\n\t\t\t<div class=\"sc_services_item_subtitle\"><a href=\"https:\/\/go360uk.com\/fr\/services_group\/what-we-offer\/\" title=\"View all posts in What We Offer\">Ce que nous offrons<\/a><\/div>\t\t<\/div>\n\t\t\t\t\t<div class=\"sc_services_item_content\"><p>Vous pouvez d\u00e9sormais automatiser vos annonces sur Google, tout en \u00e9tant pr\u00e9sent dans tous les annuaires et moteurs de recherche.<br \/>\n<b>1\u00a0199\u00a0$\/an<\/b><br \/>\n\u200b<\/p>\n<\/div>\n\t\t\t<div class=\"sc_services_item_button sc_item_button\"><a href=\"\" class=\"sc_button sc_button_simple\">Learn more<\/a><\/div>\n\t\t\t<\/div>\n<\/div>\n<\/div><div class=\"trx_addons_column-1_2\"><div class=\"sc_services_item with_content with_image sc_services_item_featured_top\">\n\t<div class=\"post_featured with_thumb hover_icon sc_services_item_thumb\"><img loading=\"lazy\" decoding=\"async\" width=\"750\" height=\"400\" src=\"https:\/\/go360uk.com\/wp-content\/uploads\/2017\/08\/image-copyright-8-270x361.jpg-3.png\" class=\"attachment-drone_media-thumb-big size-drone_media-thumb-big wp-post-image\" alt=\"\" srcset=\"https:\/\/go360uk.com\/wp-content\/uploads\/2017\/08\/image-copyright-8-270x361.jpg-3.png 750w, https:\/\/go360uk.com\/wp-content\/uploads\/2017\/08\/image-copyright-8-270x361.jpg-3-300x160.png 300w, https:\/\/go360uk.com\/wp-content\/uploads\/2017\/08\/image-copyright-8-270x361.jpg-3-370x197.png 370w, https:\/\/go360uk.com\/wp-content\/uploads\/2017\/08\/image-copyright-8-270x361.jpg-3-740x395.png 740w, https:\/\/go360uk.com\/wp-content\/uploads\/2017\/08\/image-copyright-8-270x361.jpg-3-600x320.png 600w\" sizes=\"(max-width: 750px) 100vw, 750px\" \/><div class=\"mask\"><\/div><div class=\"icons\"><a href=\"https:\/\/go360uk.com\/fr\/services\/seo\/\" aria-hidden=\"true\" class=\"icon-search-alt\"><\/a><\/div><\/div>\t\n\t<div class=\"sc_services_item_info\">\n\t\t<div class=\"sc_services_item_header\">\n\t\t\t\t\t\t<h6 class=\"sc_services_item_title\">\n\t\t\t\n\t\t\tSEO\n        <\/h6>\n\t\t\t<div class=\"sc_services_item_subtitle\"><a href=\"https:\/\/go360uk.com\/fr\/services_group\/what-we-offer\/\" title=\"View all posts in What We Offer\">Ce que nous offrons<\/a><\/div>\t\t<\/div>\n\t\t\t\t\t<div class=\"sc_services_item_content\"><p> Faites un grand pas en avant en am\u00e9liorant le r\u00e9f\u00e9rencement de votre site internet<br \/>\n<b>\u00e0 partir de 899$\/mois<\/b><\/p>\n<\/div>\n\t\t\t<div class=\"sc_services_item_button sc_item_button\"><a href=\"\" class=\"sc_button sc_button_simple\">Learn more<\/a><\/div>\n\t\t\t<\/div>\n<\/div>\n<\/div><div class=\"trx_addons_column-1_2\"><div class=\"sc_services_item with_content with_image sc_services_item_featured_top\">\n\t<div class=\"post_featured with_thumb hover_icon sc_services_item_thumb\"><img loading=\"lazy\" decoding=\"async\" width=\"750\" height=\"400\" src=\"https:\/\/go360uk.com\/wp-content\/uploads\/2023\/02\/image-copyright-9-270x361.jpg-3-1.png\" class=\"attachment-drone_media-thumb-big size-drone_media-thumb-big wp-post-image\" alt=\"\" srcset=\"https:\/\/go360uk.com\/wp-content\/uploads\/2023\/02\/image-copyright-9-270x361.jpg-3-1.png 750w, https:\/\/go360uk.com\/wp-content\/uploads\/2023\/02\/image-copyright-9-270x361.jpg-3-1-300x160.png 300w, https:\/\/go360uk.com\/wp-content\/uploads\/2023\/02\/image-copyright-9-270x361.jpg-3-1-370x197.png 370w, https:\/\/go360uk.com\/wp-content\/uploads\/2023\/02\/image-copyright-9-270x361.jpg-3-1-740x395.png 740w, https:\/\/go360uk.com\/wp-content\/uploads\/2023\/02\/image-copyright-9-270x361.jpg-3-1-600x320.png 600w\" sizes=\"(max-width: 750px) 100vw, 750px\" \/><div class=\"mask\"><\/div><div class=\"icons\"><a href=\"https:\/\/go360uk.com\/fr\/services\/3-dimensions\/\" aria-hidden=\"true\" class=\"icon-search-alt\"><\/a><\/div><\/div>\t\n\t<div class=\"sc_services_item_info\">\n\t\t<div class=\"sc_services_item_header\">\n\t\t\t\t\t\t<h6 class=\"sc_services_item_title\">\n\t\t\t\n\t\t\t3 dimensions\n        <\/h6>\n\t\t\t<div class=\"sc_services_item_subtitle\"><a href=\"https:\/\/go360uk.com\/fr\/services_group\/what-we-offer\/\" title=\"View all posts in What We Offer\">Ce que nous offrons<\/a><\/div>\t\t<\/div>\n\t\t\t\t\t<div class=\"sc_services_item_content\"><p>D\u00e9marquez-vous de la concurrence en b\u00e9n\u00e9ficiant du meilleur des visites virtuelles : une visite 3D.<br \/>\n<b>\u00e0 partir de 599$<\/b><\/p>\n<\/div>\n\t\t\t<div class=\"sc_services_item_button sc_item_button\"><a href=\"\" class=\"sc_button sc_button_simple\">Learn more<\/a><\/div>\n\t\t\t<\/div>\n<\/div>\n<\/div><div class=\"trx_addons_column-1_2\"><div class=\"sc_services_item with_content with_image sc_services_item_featured_top\">\n\t<div class=\"post_featured with_thumb hover_icon sc_services_item_thumb\"><img loading=\"lazy\" decoding=\"async\" width=\"750\" height=\"400\" src=\"https:\/\/go360uk.com\/wp-content\/uploads\/2023\/02\/image-copyright-10-270x361.jpg-3-1.png\" class=\"attachment-drone_media-thumb-big size-drone_media-thumb-big wp-post-image\" alt=\"\" srcset=\"https:\/\/go360uk.com\/wp-content\/uploads\/2023\/02\/image-copyright-10-270x361.jpg-3-1.png 750w, https:\/\/go360uk.com\/wp-content\/uploads\/2023\/02\/image-copyright-10-270x361.jpg-3-1-300x160.png 300w, https:\/\/go360uk.com\/wp-content\/uploads\/2023\/02\/image-copyright-10-270x361.jpg-3-1-370x197.png 370w, https:\/\/go360uk.com\/wp-content\/uploads\/2023\/02\/image-copyright-10-270x361.jpg-3-1-740x395.png 740w, https:\/\/go360uk.com\/wp-content\/uploads\/2023\/02\/image-copyright-10-270x361.jpg-3-1-600x320.png 600w\" sizes=\"(max-width: 750px) 100vw, 750px\" \/><div class=\"mask\"><\/div><div class=\"icons\"><a href=\"https:\/\/go360uk.com\/fr\/services\/social-networks\/\" aria-hidden=\"true\" class=\"icon-search-alt\"><\/a><\/div><\/div>\t\n\t<div class=\"sc_services_item_info\">\n\t\t<div class=\"sc_services_item_header\">\n\t\t\t\t\t\t<h6 class=\"sc_services_item_title\">\n\t\t\t\n\t\t\tR\u00e9seaux sociaux\n        <\/h6>\n\t\t\t<div class=\"sc_services_item_subtitle\"><a href=\"https:\/\/go360uk.com\/fr\/services_group\/what-we-offer\/\" title=\"View all posts in What We Offer\">Ce que nous offrons<\/a><\/div>\t\t<\/div>\n\t\t\t\t\t<div class=\"sc_services_item_content\"><p>Ayez l'esprit tranquille et confiez-nous la gestion de votre page Facebook et\/ou Instagram<br \/>\n<b>\u00e0 partir de 499$\/mois<\/b><\/p>\n<\/div>\n\t\t\t<div class=\"sc_services_item_button sc_item_button\"><a href=\"\" class=\"sc_button sc_button_simple\">Learn more<\/a><\/div>\n\t\t\t<\/div>\n<\/div>\n<\/div><div class=\"trx_addons_column-1_2\"><div class=\"sc_services_item with_content with_image sc_services_item_featured_top\">\n\t<div class=\"post_featured with_thumb hover_icon sc_services_item_thumb\"><img loading=\"lazy\" decoding=\"async\" width=\"750\" height=\"400\" src=\"https:\/\/go360uk.com\/wp-content\/uploads\/2023\/02\/image-copyright-11-270x361.jpg-3-1.png\" class=\"attachment-drone_media-thumb-big size-drone_media-thumb-big wp-post-image\" alt=\"\" srcset=\"https:\/\/go360uk.com\/wp-content\/uploads\/2023\/02\/image-copyright-11-270x361.jpg-3-1.png 750w, https:\/\/go360uk.com\/wp-content\/uploads\/2023\/02\/image-copyright-11-270x361.jpg-3-1-300x160.png 300w, https:\/\/go360uk.com\/wp-content\/uploads\/2023\/02\/image-copyright-11-270x361.jpg-3-1-370x197.png 370w, https:\/\/go360uk.com\/wp-content\/uploads\/2023\/02\/image-copyright-11-270x361.jpg-3-1-740x395.png 740w, https:\/\/go360uk.com\/wp-content\/uploads\/2023\/02\/image-copyright-11-270x361.jpg-3-1-600x320.png 600w\" sizes=\"(max-width: 750px) 100vw, 750px\" \/><div class=\"mask\"><\/div><div class=\"icons\"><a href=\"https:\/\/go360uk.com\/fr\/services\/website\/\" aria-hidden=\"true\" class=\"icon-search-alt\"><\/a><\/div><\/div>\t\n\t<div class=\"sc_services_item_info\">\n\t\t<div class=\"sc_services_item_header\">\n\t\t\t\t\t\t<h6 class=\"sc_services_item_title\">\n\t\t\t\n\t\t\tSite Web\n        <\/h6>\n\t\t\t<div class=\"sc_services_item_subtitle\"><a href=\"https:\/\/go360uk.com\/fr\/services_group\/what-we-offer\/\" title=\"View all posts in What We Offer\">Ce que nous offrons<\/a><\/div>\t\t<\/div>\n\t\t\t\t\t<div class=\"sc_services_item_content\"><p>Cr\u00e9ez un site internet pour votre entreprise, gagnant ainsi en pertinence, en notori\u00e9t\u00e9 et en professionnalisme<br \/>\n<b>\u00e0 partir de 799$<\/b><\/p>\n<\/div>\n\t\t\t<div class=\"sc_services_item_button sc_item_button\"><a href=\"\" class=\"sc_button sc_button_simple\">Learn more<\/a><\/div>\n\t\t\t<\/div>\n<\/div>\n<\/div><\/div><\/div><!-- \/.sc_services --><\/div><\/div><\/div><\/div>","protected":false},"excerpt":{"rendered":"","protected":false},"author":1,"featured_media":4162,"parent":0,"menu_order":0,"comment_status":"closed","ping_status":"closed","template":"","meta":{"footnotes":""},"class_list":["post-255","page","type-page","status-publish","has-post-thumbnail","hentry"],"_links":{"self":[{"href":"https:\/\/go360uk.com\/fr\/wp-json\/wp\/v2\/pages\/255","targetHints":{"allow":["GET"]}}],"collection":[{"href":"https:\/\/go360uk.com\/fr\/wp-json\/wp\/v2\/pages"}],"about":[{"href":"https:\/\/go360uk.com\/fr\/wp-json\/wp\/v2\/types\/page"}],"author":[{"embeddable":true,"href":"https:\/\/go360uk.com\/fr\/wp-json\/wp\/v2\/users\/1"}],"replies":[{"embeddable":true,"href":"https:\/\/go360uk.com\/fr\/wp-json\/wp\/v2\/comments?post=255"}],"version-history":[{"count":0,"href":"https:\/\/go360uk.com\/fr\/wp-json\/wp\/v2\/pages\/255\/revisions"}],"wp:featuredmedia":[{"embeddable":true,"href":"https:\/\/go360uk.com\/fr\/wp-json\/wp\/v2\/media\/4162"}],"wp:attachment":[{"href":"https:\/\/go360uk.com\/fr\/wp-json\/wp\/v2\/media?parent=255"}],"curies":[{"name":"wp","href":"https:\/\/api.w.org\/{rel}","templated":true}]}}